{"id":433,"date":"2020-10-23T13:48:01","date_gmt":"2020-10-23T13:48:01","guid":{"rendered":"https:\/\/demo.divi-pixel.com\/garage\/?page_id=433"},"modified":"2024-09-20T17:23:36","modified_gmt":"2024-09-20T17:23:36","slug":"contacto","status":"publish","type":"page","link":"https:\/\/gruponort.com.mx\/index.php\/contacto\/","title":{"rendered":"Contacto"},"content":{"rendered":"<p>[et_pb_section fb_built=&#8221;1&#8243; admin_label=&#8221;section&#8221; _builder_version=&#8221;4.27.0&#8243; background_color=&#8221;rgba(57,57,57,0.85)&#8221; background_image=&#8221;https:\/\/gruponort.com.mx\/wp-content\/uploads\/2024\/08\/Refineria-Pemex-Madero.jpg&#8221; background_blend=&#8221;multiply&#8221; custom_padding=&#8221;120px||240px||false|false&#8221; global_colors_info=&#8221;{}&#8221;][et_pb_row _builder_version=&#8221;4.16&#8243; _module_preset=&#8221;default&#8221; custom_padding=&#8221;||80px||false|false&#8221; scroll_vertical_motion_enable=&#8221;on&#8221; scroll_vertical_motion=&#8221;0|90|90|100|0|0|0.5&#8243; scroll_fade_enable=&#8221;on&#8221; scroll_fade=&#8221;0|90|90|100|100%|100%|0%&#8221; global_colors_info=&#8221;{}&#8221;][et_pb_column type=&#8221;4_4&#8243; _builder_version=&#8221;4.16&#8243; _module_preset=&#8221;default&#8221; global_colors_info=&#8221;{}&#8221;][et_pb_text _builder_version=&#8221;4.27.0&#8243; _module_preset=&#8221;default&#8221; header_text_align=&#8221;center&#8221; header_text_color=&#8221;#ffffff&#8221; header_font_size=&#8221;60px&#8221; custom_margin=&#8221;||10px||false|false&#8221; header_font_size_tablet=&#8221;50px&#8221; header_font_size_phone=&#8221;40px&#8221; header_font_size_last_edited=&#8221;on|desktop&#8221; global_colors_info=&#8221;{}&#8221;]<\/p>\n<h1>Contacto<\/h1>\n<p>[\/et_pb_text][dipi_breadcrumbs bc_home_icon=&#8221;off&#8221; bc_separator_icon=&#8221;&#x24;||divi||400&#8243; bc_separator_color=&#8221;#ffffff&#8221; bc_item_bg_color=&#8221;rgba(0,0,0,0)&#8221; bc_active_item_color=&#8221;rgba(0,0,0,0)&#8221; bc_hover_item_bg_color=&#8221;rgba(0,0,0,0)&#8221; _builder_version=&#8221;4.16&#8243; _module_preset=&#8221;default&#8221; items_text_color=&#8221;rgba(255,255,255,0.6)&#8221; hover_text_color=&#8221;#ffffff&#8221; active_text_color=&#8221;#ffffff&#8221; module_alignment=&#8221;center&#8221; items_text_shadow_style=&#8221;preset1&#8243; global_colors_info=&#8221;{}&#8221;][\/dipi_breadcrumbs][\/et_pb_column][\/et_pb_row][\/et_pb_section][et_pb_section fb_built=&#8221;1&#8243; _builder_version=&#8221;4.16&#8243; _module_preset=&#8221;default&#8221; background_color=&#8221;#f2f3f3&#8243; background_enable_image=&#8221;off&#8221; background_size=&#8221;initial&#8221; background_position=&#8221;top_left&#8221; custom_padding=&#8221;2px|||||&#8221; global_colors_info=&#8221;{}&#8221;][et_pb_row column_structure=&#8221;3_5,2_5&#8243; custom_padding_last_edited=&#8221;on|phone&#8221; _builder_version=&#8221;4.27.0&#8243; _module_preset=&#8221;default&#8221; background_color=&#8221;#ffffff&#8221; width_tablet=&#8221;90%&#8221; width_phone=&#8221;100%&#8221; width_last_edited=&#8221;on|phone&#8221; custom_margin=&#8221;-200px||||false|false&#8221; custom_padding=&#8221;0px||0px||false|false&#8221; custom_padding_tablet=&#8221;60px||0px||false|false&#8221; custom_padding_phone=&#8221;&#8221; animation_style=&#8221;slide&#8221; animation_direction=&#8221;bottom&#8221; animation_duration=&#8221;2000ms&#8221; animation_delay=&#8221;200ms&#8221; animation_intensity_slide=&#8221;2%&#8221; animation_starting_opacity=&#8221;100%&#8221; box_shadow_style=&#8221;preset1&#8243; box_shadow_blur=&#8221;50px&#8221; box_shadow_color=&#8221;rgba(11,33,84,0.09)&#8221; global_colors_info=&#8221;{}&#8221;][et_pb_column type=&#8221;3_5&#8243; _builder_version=&#8221;4.27.0&#8243; _module_preset=&#8221;default&#8221; custom_padding=&#8221;60px|40px|60px|80px|false|false&#8221; global_colors_info=&#8221;{}&#8221;][et_pb_cta title=&#8221;Ponte en contacto&#8221; button_text=&#8221;Click Aqu\u00ed&#8221; _builder_version=&#8221;4.27.0&#8243; _module_preset=&#8221;default&#8221; header_font=&#8221;|||on|||||&#8221; header_text_align=&#8221;left&#8221; header_text_color=&#8221;#ff0000&#8243; header_font_size=&#8221;18px&#8221; header_letter_spacing=&#8221;2px&#8221; body_font=&#8221;|700|||||||&#8221; body_text_align=&#8221;left&#8221; body_text_color=&#8221;#0b2154&#8243; body_font_size=&#8221;46px&#8221; body_line_height=&#8221;1em&#8221; background_color=&#8221;rgba(0,0,0,0)&#8221; custom_margin=&#8221;||0px||false|false&#8221; custom_padding=&#8221;||0px|0px|false|false&#8221; global_colors_info=&#8221;{}&#8221;]<\/p>\n<p>Env\u00eda tu mensaje<\/p>\n<p>[\/et_pb_cta][et_pb_text _builder_version=&#8221;4.27.0&#8243; _module_preset=&#8221;default&#8221; text_text_color=&#8221;#596277&#8243; global_colors_info=&#8221;{}&#8221;]Tu correo electr\u00f3nico no ser\u00e1 publicado. Los campos requeridos est\u00e1n marcados con *[\/et_pb_text][et_pb_contact_form captcha=&#8221;off&#8221; email=&#8221;jesus@gruponort.com.mx&#8221; custom_message=&#8221;\u00a1Hola!||et_pb_line_break_holder||||et_pb_line_break_holder||\u00c9ste mensaje ha sido enviado desde el sitio web (www.gruponort.com.mx).||et_pb_line_break_holder||||et_pb_line_break_holder||||et_pb_line_break_holder||Nombre: %%txtNombre%%||et_pb_line_break_holder||||et_pb_line_break_holder||Tel\u00e9fono: %%txtTel%%||et_pb_line_break_holder||||et_pb_line_break_holder||Correo: %%txtCorreo%%||et_pb_line_break_holder||||et_pb_line_break_holder||Mensaje: ||et_pb_line_break_holder||||et_pb_line_break_holder||%%txtMensaje%%||et_pb_line_break_holder||||et_pb_line_break_holder||||et_pb_line_break_holder||Gracias.&#8221; success_message=&#8221;Su mensaje ha sido enviado con \u00e9xito.&#8221; submit_button_text=&#8221;Enviar&#8221; module_id=&#8221;et_pb_contact_form_0&#8243; _builder_version=&#8221;4.27.0&#8243; form_field_background_color=&#8221;#F2F3F3&#8243; title_font=&#8221;Baloo 2|600|||||||&#8221; title_font_size=&#8221;32px&#8221; captcha_font=&#8221;Baloo 2|500|||||||&#8221; form_field_font=&#8221;&#8211;et_global_body_font|600|||||||&#8221; form_field_line_height=&#8221;1.8em&#8221; custom_button=&#8221;on&#8221; button_text_size=&#8221;14px&#8221; button_text_color=&#8221;#ff0000&#8243; button_bg_color=&#8221;RGBA(0,0,0,0)&#8221; button_border_width=&#8221;4px&#8221; button_border_color=&#8221;#ff0000&#8243; button_border_radius=&#8221;0px&#8221; button_letter_spacing=&#8221;4px&#8221; button_font=&#8221;Baloo 2|700||on|||||&#8221; button_icon=&#8221;&#x24;||divi||400&#8243; button_custom_margin=&#8221;16px||||false|false&#8221; button_custom_padding=&#8221;15px|30px|15px|30px|true|true&#8221; border_width_bottom=&#8221;2px&#8221; border_color_bottom=&#8221;#FFFFFF&#8221; form_background_color=&#8221;#ffffff&#8221; locked=&#8221;off&#8221; global_colors_info=&#8221;{}&#8221; button_bg_color__hover_enabled=&#8221;on|hover&#8221; button_bg_color__hover=&#8221;RGBA(255,255,255,0)&#8221; button_bg_enable_color__hover=&#8221;on&#8221; button_border_color__hover_enabled=&#8221;off|desktop&#8221; button_border_color__hover=&#8221;#fd4f14&#8243; button_custom_padding__hover_enabled=&#8221;on|desktop&#8221; button_custom_padding__hover=&#8221;8px|40px|8px|20px|true|false&#8221; border_color_bottom__hover_enabled=&#8221;on|hover&#8221; border_color_bottom__hover=&#8221;#38b6ff&#8221; button_border_radius__hover_enabled=&#8221;on|hover&#8221; button_border_radius__hover=&#8221;100px&#8221; button_letter_spacing__hover_enabled=&#8221;on|hover&#8221; button_letter_spacing__hover=&#8221;1px&#8221; button_icon_color__hover_enabled=&#8221;on|desktop&#8221; button_icon_color__hover=&#8221;#ff0000&#8243; button_text_color__hover_enabled=&#8221;on|hover&#8221; button_text_color__hover=&#8221;#ff0000&#8243;][et_pb_contact_field field_id=&#8221;txtNombre&#8221; field_title=&#8221;Nombre&#8221; field_title_last_edited=&#8221;off|desktop&#8221; _builder_version=&#8221;4.20.0&#8243; global_colors_info=&#8221;{}&#8221; button_text_size__hover_enabled=&#8221;off&#8221; button_one_text_size__hover_enabled=&#8221;off&#8221; button_two_text_size__hover_enabled=&#8221;off&#8221; button_text_color__hover_enabled=&#8221;off&#8221; button_one_text_color__hover_enabled=&#8221;off&#8221; button_two_text_color__hover_enabled=&#8221;off&#8221; button_border_width__hover_enabled=&#8221;off&#8221; button_one_border_width__hover_enabled=&#8221;off&#8221; button_two_border_width__hover_enabled=&#8221;off&#8221; button_border_color__hover_enabled=&#8221;off&#8221; button_one_border_color__hover_enabled=&#8221;off&#8221; button_two_border_color__hover_enabled=&#8221;off&#8221; button_border_radius__hover_enabled=&#8221;off&#8221; button_one_border_radius__hover_enabled=&#8221;off&#8221; button_two_border_radius__hover_enabled=&#8221;off&#8221; button_letter_spacing__hover_enabled=&#8221;off&#8221; button_one_letter_spacing__hover_enabled=&#8221;off&#8221; button_two_letter_spacing__hover_enabled=&#8221;off&#8221; button_bg_color__hover_enabled=&#8221;off&#8221; button_one_bg_color__hover_enabled=&#8221;off&#8221; button_two_bg_color__hover_enabled=&#8221;off&#8221;][\/et_pb_contact_field][et_pb_contact_field field_id=&#8221;txtTel&#8221; field_title=&#8221;Tel\u00e9fono&#8221; _builder_version=&#8221;4.20.0&#8243; _module_preset=&#8221;default&#8221; global_colors_info=&#8221;{}&#8221;][\/et_pb_contact_field][et_pb_contact_field field_id=&#8221;txtCorreo&#8221; field_title=&#8221;Correo Electr\u00f3nico&#8221; fullwidth_field=&#8221;on&#8221; _builder_version=&#8221;4.20.0&#8243; _module_preset=&#8221;default&#8221; global_colors_info=&#8221;{}&#8221;][\/et_pb_contact_field][et_pb_contact_field field_id=&#8221;txtMensaje&#8221; field_title=&#8221;Mensaje&#8221; field_type=&#8221;text&#8221; fullwidth_field=&#8221;on&#8221; _builder_version=&#8221;4.20.0&#8243; global_colors_info=&#8221;{}&#8221; button_text_size__hover_enabled=&#8221;off&#8221; button_one_text_size__hover_enabled=&#8221;off&#8221; button_two_text_size__hover_enabled=&#8221;off&#8221; button_text_color__hover_enabled=&#8221;off&#8221; button_one_text_color__hover_enabled=&#8221;off&#8221; button_two_text_color__hover_enabled=&#8221;off&#8221; button_border_width__hover_enabled=&#8221;off&#8221; button_one_border_width__hover_enabled=&#8221;off&#8221; button_two_border_width__hover_enabled=&#8221;off&#8221; button_border_color__hover_enabled=&#8221;off&#8221; button_one_border_color__hover_enabled=&#8221;off&#8221; button_two_border_color__hover_enabled=&#8221;off&#8221; button_border_radius__hover_enabled=&#8221;off&#8221; button_one_border_radius__hover_enabled=&#8221;off&#8221; button_two_border_radius__hover_enabled=&#8221;off&#8221; button_letter_spacing__hover_enabled=&#8221;off&#8221; button_one_letter_spacing__hover_enabled=&#8221;off&#8221; button_two_letter_spacing__hover_enabled=&#8221;off&#8221; button_bg_color__hover_enabled=&#8221;off&#8221; button_one_bg_color__hover_enabled=&#8221;off&#8221; button_two_bg_color__hover_enabled=&#8221;off&#8221;][\/et_pb_contact_field][\/et_pb_contact_form][\/et_pb_column][et_pb_column type=&#8221;2_5&#8243; _builder_version=&#8221;4.27.0&#8243; _module_preset=&#8221;default&#8221; background_color=&#8221;#f2f3f3&#8243; custom_padding=&#8221;60px|40px|60px|50px|false|false&#8221; global_colors_info=&#8221;{}&#8221;][et_pb_cta title=&#8221;Vis\u00edtanos&#8221; _builder_version=&#8221;4.27.0&#8243; _module_preset=&#8221;default&#8221; header_font=&#8221;|||on|||||&#8221; header_text_align=&#8221;left&#8221; header_text_color=&#8221;#ff0000&#8243; header_font_size=&#8221;18px&#8221; header_letter_spacing=&#8221;2px&#8221; body_font=&#8221;|700|||||||&#8221; body_text_align=&#8221;left&#8221; body_text_color=&#8221;#0b2154&#8243; body_font_size=&#8221;46px&#8221; body_line_height=&#8221;1em&#8221; background_color=&#8221;rgba(0,0,0,0)&#8221; custom_margin=&#8221;||0px||false|false&#8221; custom_padding=&#8221;||0px|0px|false|false&#8221; global_colors_info=&#8221;{}&#8221;][\/et_pb_cta][et_pb_blurb title=&#8221;Direcci\u00f3n&#8221; use_icon=&#8221;on&#8221; font_icon=&#8221;&#xe01d;||divi||400&#8243; icon_color=&#8221;#f2f3f3&#8243; image_icon_background_color=&#8221;#ff0000&#8243; icon_placement=&#8221;left&#8221; image_icon_width=&#8221;14px&#8221; _builder_version=&#8221;4.27.0&#8243; _module_preset=&#8221;default&#8221; header_font_size=&#8221;16px&#8221; header_line_height=&#8221;2em&#8221; body_font_size=&#8221;16px&#8221; body_line_height=&#8221;1.5em&#8221; image_icon_custom_padding=&#8221;8px|8px|8px|8px|false|false&#8221; custom_margin=&#8221;||0px||false|false&#8221; border_radii_image=&#8221;on|100%|100%|100%|100%&#8221; icon_font_size=&#8221;14px&#8221; use_circle=&#8221;on&#8221; global_colors_info=&#8221;{}&#8221; image_icon_background_color__sticky_enabled=&#8221;#bf2d0d&#8221; image_icon_background_color__sticky=&#8221;#bf2d0d&#8221;]<\/p>\n<p>Autopista Monterrey-Cadereyta, km 31.5 Cadereyta Jim\u00e9nez, N.L<br \/>M\u00e9xico<br \/><strong><\/strong><\/p>\n<p>[\/et_pb_blurb][et_pb_blurb title=&#8221;Tel\u00e9fonos&#8221; use_icon=&#8221;on&#8221; font_icon=&#8221;&#xe090;||divi||400&#8243; icon_color=&#8221;#f2f3f3&#8243; image_icon_background_color=&#8221;#ff0000&#8243; icon_placement=&#8221;left&#8221; image_icon_width=&#8221;14px&#8221; _builder_version=&#8221;4.27.0&#8243; _module_preset=&#8221;default&#8221; header_font_size=&#8221;16px&#8221; header_line_height=&#8221;2em&#8221; body_font_size=&#8221;16px&#8221; body_line_height=&#8221;1.5em&#8221; image_icon_custom_padding=&#8221;8px|8px|8px|8px|false|false&#8221; custom_margin=&#8221;||0px||false|false&#8221; custom_padding=&#8221;||5px|||&#8221; border_radii_image=&#8221;on|100%|100%|100%|100%&#8221; icon_font_size=&#8221;14px&#8221; use_circle=&#8221;on&#8221; global_colors_info=&#8221;{}&#8221; image_icon_background_color__sticky_enabled=&#8221;#bf2d0d&#8221; image_icon_background_color__sticky=&#8221;#bf2d0d&#8221;]<\/p>\n<p>+52 (828) 284 0721<\/p>\n<p>+52 (828) 284 07 12<\/p>\n<p>+52 (828) 284 77 99<\/p>\n<p>[\/et_pb_blurb][et_pb_blurb title=&#8221;Correo&#8221; use_icon=&#8221;on&#8221; font_icon=&#8221;&#xe076;||divi||400&#8243; icon_color=&#8221;#f2f3f3&#8243; image_icon_background_color=&#8221;#ff0000&#8243; icon_placement=&#8221;left&#8221; image_icon_width=&#8221;14px&#8221; _builder_version=&#8221;4.27.0&#8243; _module_preset=&#8221;default&#8221; header_font_size=&#8221;16px&#8221; header_line_height=&#8221;2em&#8221; body_font_size=&#8221;16px&#8221; body_line_height=&#8221;1.5em&#8221; image_icon_custom_padding=&#8221;8px|8px|8px|8px|false|false&#8221; custom_margin=&#8221;||0px||false|false&#8221; custom_padding=&#8221;||12px|||&#8221; border_radii_image=&#8221;on|100%|100%|100%|100%&#8221; icon_font_size=&#8221;14px&#8221; use_circle=&#8221;on&#8221; global_colors_info=&#8221;{}&#8221; image_icon_background_color__sticky_enabled=&#8221;#bf2d0d&#8221; image_icon_background_color__sticky=&#8221;#bf2d0d&#8221;]<\/p>\n<p>contabilidad@gruponort.com.mx<\/p>\n<p>[\/et_pb_blurb][et_pb_blurb title=&#8221;Horario&#8221; use_icon=&#8221;on&#8221; font_icon=&#8221;&#xe06b;||divi||400&#8243; icon_color=&#8221;#f2f3f3&#8243; image_icon_background_color=&#8221;#ff0000&#8243; icon_placement=&#8221;left&#8221; image_icon_width=&#8221;14px&#8221; _builder_version=&#8221;4.27.0&#8243; _module_preset=&#8221;default&#8221; header_font_size=&#8221;16px&#8221; header_line_height=&#8221;2em&#8221; body_font_size=&#8221;16px&#8221; body_line_height=&#8221;1.5em&#8221; image_icon_custom_padding=&#8221;8px|8px|8px|8px|false|false&#8221; custom_margin=&#8221;||0px||false|false&#8221; border_radii_image=&#8221;on|100%|100%|100%|100%&#8221; icon_font_size=&#8221;14px&#8221; use_circle=&#8221;on&#8221; global_colors_info=&#8221;{}&#8221; image_icon_background_color__sticky_enabled=&#8221;#bf2d0d&#8221; image_icon_background_color__sticky=&#8221;#bf2d0d&#8221;]<\/p>\n<p>Lun-Vie: 8.00 am \u2013 6.00pm<\/p>\n<p>Sab: 8:00 am a 1:00pm<\/p>\n<p>[\/et_pb_blurb][\/et_pb_column][\/et_pb_row][\/et_pb_section]<\/p>\n","protected":false},"excerpt":{"rendered":"<p>Contacto<div class=\"et_pb_module dipi_breadcrumbs dipi_breadcrumbs_0\">\n\t\t\t\t\n\t\t\t\t\n\t\t\t\t\n\t\t\t\t\n\t\t\t\t\n\t\t\t\t\n\t\t\t\t<div class=\"et_pb_module_inner\">\n\t\t\t\t\t<div class=\"dipi-breadcrumbs dipi-bc-left\">\n                <ul >\n                    \n                                                        <li  class=\"dipi-breadcrumb-item dipi-breadcrumb-home\">\n\n                                                    <a  href=\"https:\/\/gruponort.com.mx\">\n                                <span  content=\"Home\">\n                                                                        Grupo Nort                                <\/span>\n                            <\/a>\n\n                                                <meta itemprop=\"position\" content=\"1\"\/>                    <\/li>\n\n                    <li class=\"dipi-breadcrumb-separator\">\n                    <span class=\"et-pb-icon dipi-separator-icon\">&#x24;<\/span>\n                <\/li>                            \n                <\/ul>\n            <\/div>\n\t\t\t\t<\/div>\n\t\t\t<\/div>Env\u00eda tu mensajeTu correo electr\u00f3nico no ser\u00e1 publicado. Los campos requeridos est\u00e1n marcados con *Autopista Monterrey-Cadereyta, km 31.5 Cadereyta Jim\u00e9nez, N.LM\u00e9xico+52 (828) 284 0721 +52 (828) 284 07 12 +52 (828) 284 77 99contabilidad@gruponort.com.mxLun-Vie: 8.00 am \u2013 6.00pm Sab: 8:00 am [&hellip;]<\/p>\n","protected":false},"author":1,"featured_media":0,"parent":0,"menu_order":0,"comment_status":"closed","ping_status":"closed","template":"","meta":{"_et_pb_use_builder":"on","_et_pb_old_content":"","_et_gb_content_width":"","footnotes":""},"dipi_cpt_category":[],"class_list":["post-433","page","type-page","status-publish","hentry"],"_links":{"self":[{"href":"https:\/\/gruponort.com.mx\/index.php\/wp-json\/wp\/v2\/pages\/433","targetHints":{"allow":["GET"]}}],"collection":[{"href":"https:\/\/gruponort.com.mx\/index.php\/wp-json\/wp\/v2\/pages"}],"about":[{"href":"https:\/\/gruponort.com.mx\/index.php\/wp-json\/wp\/v2\/types\/page"}],"author":[{"embeddable":true,"href":"https:\/\/gruponort.com.mx\/index.php\/wp-json\/wp\/v2\/users\/1"}],"replies":[{"embeddable":true,"href":"https:\/\/gruponort.com.mx\/index.php\/wp-json\/wp\/v2\/comments?post=433"}],"version-history":[{"count":17,"href":"https:\/\/gruponort.com.mx\/index.php\/wp-json\/wp\/v2\/pages\/433\/revisions"}],"predecessor-version":[{"id":3165,"href":"https:\/\/gruponort.com.mx\/index.php\/wp-json\/wp\/v2\/pages\/433\/revisions\/3165"}],"wp:attachment":[{"href":"https:\/\/gruponort.com.mx\/index.php\/wp-json\/wp\/v2\/media?parent=433"}],"wp:term":[{"taxonomy":"dipi_cpt_category","embeddable":true,"href":"https:\/\/gruponort.com.mx\/index.php\/wp-json\/wp\/v2\/dipi_cpt_category?post=433"}],"curies":[{"name":"wp","href":"https:\/\/api.w.org\/{rel}","templated":true}]}}