{"id":247,"date":"2020-10-22T12:52:00","date_gmt":"2020-10-22T12:52:00","guid":{"rendered":"https:\/\/demo.divi-pixel.com\/garage\/?page_id=247"},"modified":"2024-11-29T19:57:10","modified_gmt":"2024-11-29T19:57:10","slug":"nosotros","status":"publish","type":"page","link":"https:\/\/gruponort.com.mx\/index.php\/nosotros\/","title":{"rendered":"Nosotros"},"content":{"rendered":"<p>[et_pb_section fb_built=&#8221;1&#8243; _builder_version=&#8221;4.27.0&#8243; _module_preset=&#8221;default&#8221; background_color=&#8221;#0b2154&#8243; custom_padding=&#8221;2px||3px|||&#8221; global_colors_info=&#8221;{}&#8221;][et_pb_row _builder_version=&#8221;4.27.0&#8243; _module_preset=&#8221;default&#8221; global_colors_info=&#8221;{}&#8221;][et_pb_column type=&#8221;4_4&#8243; _builder_version=&#8221;4.27.0&#8243; _module_preset=&#8221;default&#8221; global_colors_info=&#8221;{}&#8221;][dipi_text_highlighter text_highlighter_prefix=&#8221;Sobre&#8221; text_highlighter_text=&#8221;Nosotros&#8221; stroke_color=&#8221;#ff0000&#8243; _builder_version=&#8221;4.27.0&#8243; _module_preset=&#8221;default&#8221; all_text_text_color=&#8221;#FFFFFF&#8221; all_text_font_size=&#8221;47px&#8221; global_colors_info=&#8221;{}&#8221;][\/dipi_text_highlighter][\/et_pb_column][\/et_pb_row][\/et_pb_section][et_pb_section fb_built=&#8221;1&#8243; _builder_version=&#8221;4.27.0&#8243; _module_preset=&#8221;default&#8221; global_colors_info=&#8221;{}&#8221;][et_pb_row column_structure=&#8221;1_2,1_2&#8243; _builder_version=&#8221;4.27.0&#8243; _module_preset=&#8221;default&#8221; global_colors_info=&#8221;{}&#8221;][et_pb_column type=&#8221;1_2&#8243; _builder_version=&#8221;4.27.0&#8243; _module_preset=&#8221;default&#8221; global_colors_info=&#8221;{}&#8221;][et_pb_text _builder_version=&#8221;4.27.0&#8243; _module_preset=&#8221;default&#8221; text_font_size=&#8221;16px&#8221; text_orientation=&#8221;justified&#8221; custom_margin=&#8221;||8px|||&#8221; global_colors_info=&#8221;{}&#8221;]<\/p>\n<h3>Grupo Nort S.A. de C.V.<\/h3>\n<p><span><strong>GRUPO NORT, S.A. DE C.V.\u00a0<\/strong>se funda en 1989 por el Ing. Jes\u00fas Heriberto Gonz\u00e1lez\u00a0 Pe\u00f1a como una empresa multidisciplinaria con experiencia en las \u00e1reas civil, electromec\u00e1nico, instrumentaci\u00f3n y Pailer\u00eda especializada.<\/span><\/p>\n<p><span><strong>GRUPO NORT, S.A. DE C.V.\u00a0\u00a0\u00a0<\/strong>Cuenta\u00a0\u00a0 con\u00a0una organizaci\u00f3n flexible capaz de adaptarse a los diferentes tiempos y circunstancias, lo que permite trabajar inclusive en los lugares m\u00e1s remotos, en funci\u00f3n del crecimiento y necesidades actuales.<\/span><\/p>\n<p><span>Nuestra meta es seguir creciendo y nuestra prioridad es mantener la eficiencia de nuestros servicios a la satisfacci\u00f3n total de nuestros clientes.<\/span><\/p>\n<p><span>El compromiso de cada uno de los que integramos la empresa\u00a0<strong>GRUPO NORT, S.A. DE C.V.\u00a0<\/strong>es desarrollar nuestro trabajo con un autentico logro de calidad. Con este fin, desde el mes de Abril de 2000, nuestra empresa cuenta con la certificaci\u00f3n\u00a0<strong>ISO9002.<\/strong><\/span><\/p>\n<p><span>Somos proveedores calificados en el \u00e1rea Metal Mec\u00e1nica, a precios competitivos y garantizando un producto de la mas alta calidad, pues contamos con maquinaria de alta precisi\u00f3n para cumplir con estrictas normas de fabricaci\u00f3n y de control de calidad, contamos adem\u00e1s con un departamento de ingenier\u00eda, para la realizaci\u00f3n de la ingenier\u00eda de dise\u00f1o, b\u00e1sica y de taller. Siendo una empresa 100% mexicana que cuenta con la divisi\u00f3n de Pailer\u00eda especializada, maquinados especiales, y m\u00e1quinas herramientas necesarias para la realizaci\u00f3n de los trabajos. Estamos\u00a0 ubicados estrat\u00e9gicamente en la misma zona para abatir los costos y precios.\u00a0<\/span><\/p>\n<p><span>Agradecemos a nuestros clientes la confianza depositada en nuestra empresa y ponemos a su disposici\u00f3n nuestra experiencia capacidad t\u00e9cnica y el deseo de servirles.<\/span><\/p>\n<p>[\/et_pb_text][et_pb_cta _builder_version=&#8221;4.27.0&#8243; _module_preset=&#8221;default&#8221; header_font=&#8221;Poppins|||on|||||&#8221; header_text_align=&#8221;left&#8221; header_text_color=&#8221;#bf2d0d&#8221; header_font_size=&#8221;11px&#8221; header_letter_spacing=&#8221;2px&#8221; body_font=&#8221;Poppins|700|||||||&#8221; body_text_align=&#8221;left&#8221; body_text_color=&#8221;#0b2154&#8243; body_font_size=&#8221;6px&#8221; body_line_height=&#8221;2em&#8221; background_color=&#8221;rgba(0,0,0,0)&#8221; custom_margin=&#8221;||0px||false|false&#8221; custom_padding=&#8221;||0px|0px|false|false&#8221; locked=&#8221;off&#8221; global_colors_info=&#8221;{}&#8221;]<\/p>\n<p><span style=\"font-size: x-large;\">Estamos calificados y tenemos experiencia en el ramo<\/span><\/p>\n<p>[\/et_pb_cta][et_pb_text _builder_version=&#8221;4.27.0&#8243; _module_preset=&#8221;default&#8221; text_font=&#8221;Poppins||||||||&#8221; text_text_color=&#8221;#596277&#8243; text_font_size=&#8221;16px&#8221; text_line_height=&#8221;1.4em&#8221; text_orientation=&#8221;justified&#8221; custom_margin=&#8221;||20px||false|false&#8221; locked=&#8221;off&#8221; global_colors_info=&#8221;{}&#8221;]<\/p>\n<p>GRUPO NORT, S.A. DE C.V. se funda en 1989 por el Ing. Jes\u00fas Heriberto Gonz\u00e1lez Pe\u00f1a como una empresa multidisciplinaria con experiencia en las \u00e1reas civil, electromec\u00e1nico, instrumentaci\u00f3n y Pailer\u00eda especializada.<\/p>\n<p>Cuenta con una organizaci\u00f3n flexible capaz de adaptarse a los diferentes tiempos y circunstancias, lo que permite trabajar inclusive en los lugares m\u00e1s remotos, en funci\u00f3n del crecimiento y necesidades actuales.<\/p>\n<p><strong>Control de Calidad<\/strong><strong><\/strong><\/p>\n<p>En GRUPO NORT, S.A. DE C.V. estamos comprometidos con la calidad, para la total satisfacci\u00f3n de nuestros clientes en cumplimiento con las normas c\u00f3digos y especificaciones indicadas. Para esto respaldamos la calidad de nuestros productos al contar con la certificaci\u00f3n ASME.<\/p>\n<p>Contamos con un sistema de verificaci\u00f3n internas para as\u00ed, poder identificar nuestras necesidades y efectuar las correcciones necesarias de manera optima.<strong><\/strong><\/p>\n<p>[\/et_pb_text][\/et_pb_column][et_pb_column type=&#8221;1_2&#8243; _builder_version=&#8221;4.27.0&#8243; _module_preset=&#8221;default&#8221; global_colors_info=&#8221;{}&#8221;][dipi_masonry_gallery gallery_ids=&#8221;1198,1164,1158,1187,1202,1156,1152,993,997,980,853,855&#8243; columns=&#8221;2&#8243; grid_animation=&#8221;fadeIn&#8221; load_more_margin=&#8221;0px||0px|0px|false|false&#8221; _builder_version=&#8221;4.27.0&#8243; _module_preset=&#8221;default&#8221; global_colors_info=&#8221;{}&#8221;][\/dipi_masonry_gallery][\/et_pb_column][\/et_pb_row][\/et_pb_section][et_pb_section fb_built=&#8221;1&#8243; _builder_version=&#8221;4.16&#8243; _module_preset=&#8221;default&#8221; background_color=&#8221;#f2f3f3&#8243; custom_padding=&#8221;0px|||||&#8221; collapsed=&#8221;on&#8221; global_colors_info=&#8221;{}&#8221;][et_pb_row _builder_version=&#8221;4.27.0&#8243; _module_preset=&#8221;default&#8221; custom_margin=&#8221;-50px||-50px||false|false&#8221; locked=&#8221;off&#8221; global_colors_info=&#8221;{}&#8221;][et_pb_column type=&#8221;4_4&#8243; _builder_version=&#8221;4.16&#8243; _module_preset=&#8221;default&#8221; global_colors_info=&#8221;{}&#8221;][et_pb_cta title=&#8221;\u00bfDudas?&#8221; button_text=&#8221;Click Here&#8221; _builder_version=&#8221;4.27.0&#8243; _module_preset=&#8221;default&#8221; header_font=&#8221;|||on|||||&#8221; header_text_align=&#8221;left&#8221; header_text_color=&#8221;#ff0000&#8243; header_font_size=&#8221;18px&#8221; header_letter_spacing=&#8221;2px&#8221; header_line_height=&#8221;2em&#8221; body_font=&#8221;|700|||||||&#8221; body_text_align=&#8221;left&#8221; body_text_color=&#8221;#0b2154&#8243; body_font_size=&#8221;46px&#8221; body_line_height=&#8221;1em&#8221; background_color=&#8221;rgba(0,0,0,0)&#8221; custom_margin=&#8221;0px|0px|-40px|0px|false|false&#8221; custom_padding=&#8221;0px|0px|0px|0px|false|false&#8221; body_font_size_tablet=&#8221;40px&#8221; body_font_size_phone=&#8221;30px&#8221; body_font_size_last_edited=&#8221;on|phone&#8221; global_colors_info=&#8221;{}&#8221;]<\/p>\n<p>Comunicate con<\/p>\n<p>[\/et_pb_cta][\/et_pb_column][\/et_pb_row][et_pb_row column_structure=&#8221;1_3,1_3,1_3&#8243; _builder_version=&#8221;4.27.0&#8243; _module_preset=&#8221;default&#8221; custom_margin=&#8221;-50px||-50px||false|false&#8221; custom_padding=&#8221;0px||5px||false|false&#8221; global_colors_info=&#8221;{}&#8221;][et_pb_column type=&#8221;1_3&#8243; _builder_version=&#8221;4.27.0&#8243; _module_preset=&#8221;default&#8221; global_colors_info=&#8221;{}&#8221;][dipi_hover_box content_title=&#8221;Director General&#8221; content_image=&#8221;https:\/\/gruponort.com.mx\/wp-content\/uploads\/2024\/09\/director-general.webp&#8221; content_image_width=&#8221;50%&#8221; content_hover_title=&#8221;Director General&#8221; content_hover_content=&#8221;<\/p>\n<p>Ing. Jes\u00fas Heriberto Gonz\u00e1lez Pe\u00f1a <span style=%22color: #ff0000;%22><a href=%22mailto:heriberto@gruponort.com.mx?subject=Informaci%C3%B3n%22 style=%22color: #ff0000;%22>heriberto@gruponort.com.mx<\/a><\/span><\/p>\n<p>&#8221; _builder_version=&#8221;4.27.0&#8243; _module_preset=&#8221;default&#8221; global_colors_info=&#8221;{}&#8221;][\/dipi_hover_box][\/et_pb_column][et_pb_column type=&#8221;1_3&#8243; _builder_version=&#8221;4.27.0&#8243; _module_preset=&#8221;default&#8221; global_colors_info=&#8221;{}&#8221;][dipi_hover_box content_title=&#8221;Director Operativo&#8221; content_image=&#8221;https:\/\/gruponort.com.mx\/wp-content\/uploads\/2024\/09\/director-operativo.webp&#8221; content_image_width=&#8221;50%&#8221; content_hover_title=&#8221;Director Operativo&#8221; content_hover_content=&#8221;<\/p>\n<p><span style=%22color: #ff0000;%22><a href=%22mailto:nort@gruponort.com.mx?subject=Informaci%C3%B3n%22 style=%22color: #ff0000;%22>nort@gruponort.com.mx<\/a><\/span><\/p>\n<p>&#8221; _builder_version=&#8221;4.27.4&#8243; _module_preset=&#8221;default&#8221; hover_enabled=&#8221;0&#8243; global_colors_info=&#8221;{}&#8221; sticky_enabled=&#8221;0&#8243;][\/dipi_hover_box][\/et_pb_column][et_pb_column type=&#8221;1_3&#8243; _builder_version=&#8221;4.27.0&#8243; _module_preset=&#8221;default&#8221; global_colors_info=&#8221;{}&#8221;][dipi_hover_box content_title=&#8221;Contabilidad&#8221; content_image=&#8221;https:\/\/gruponort.com.mx\/wp-content\/uploads\/2024\/09\/contabilidad.webp&#8221; content_image_width=&#8221;50%&#8221; content_hover_title=&#8221;Contabilidad&#8221; content_hover_content=&#8221;<\/p>\n<p><span style=%22color: #ff0000;%22><a href=%22mailto:contabilidad@grupunort.com.mx?subject=Informaci%C3%B3n%22 style=%22color: #ff0000;%22>contabilidad@gruponort.com.mx<\/a><\/span><\/p>\n<p>&#8221; _builder_version=&#8221;4.27.0&#8243; _module_preset=&#8221;default&#8221; global_colors_info=&#8221;{}&#8221;][\/dipi_hover_box][\/et_pb_column][\/et_pb_row][\/et_pb_section]<\/p>\n","protected":false},"excerpt":{"rendered":"<p><div class=\"et_pb_module dipi_text_highlighter dipi_text_highlighter_0\">\n\t\t\t\t\n\t\t\t\t\n\t\t\t\t\n\t\t\t\t\n\t\t\t\t\n\t\t\t\t\n\t\t\t\t<div class=\"et_pb_module_inner\">\n\t\t\t\t\t<h2 class=\"dipi-highlight-text-wrapper\" data-config=\"{&quot;animation_start&quot;:&quot;in_a_viewport&quot;,&quot;animation_start_viewport&quot;:&quot;75%&quot;,&quot;animation_delay&quot;:&quot;0ms&quot;,&quot;animation_duration&quot;:&quot;800ms&quot;,&quot;delay_after_animation&quot;:&quot;3000ms&quot;,&quot;repeat_mode&quot;:&quot;infinite&quot;,&quot;count_mode&quot;:&quot;everytime_in_viewport&quot;,&quot;animation_repeat_counts&quot;:&quot;3&quot;,&quot;reverse_animation&quot;:&quot;off&quot;,&quot;id&quot;:&quot;dipi_text_highlighter_0_wrapper&quot;}\">\n\t\t\t\t\t<span class=\"dipi-highlight-prefix-text dipi-text-affixes\">Sobre<\/span><span class=\"dipi-text-highlight-wrapper {&quot;animation_start&quot;:&quot;in_a_viewport&quot;,&quot;animation_start_viewport&quot;:&quot;75%&quot;,&quot;animation_delay&quot;:&quot;0ms&quot;,&quot;animation_duration&quot;:&quot;800ms&quot;,&quot;delay_after_animation&quot;:&quot;3000ms&quot;,&quot;repeat_mode&quot;:&quot;infinite&quot;,&quot;count_mode&quot;:&quot;everytime_in_viewport&quot;,&quot;animation_repeat_counts&quot;:&quot;3&quot;,&quot;reverse_animation&quot;:&quot;off&quot;,&quot;id&quot;:&quot;dipi_text_highlighter_0_wrapper&quot;}\"><span class=\"dipi-text-highlight-text dipi-text-highlight-text\">Nosotros<\/span><span class=\"dipi-text-highlight-svg\"><svg xmlns=\"http:\/\/www.w3.org\/2000\/svg\" viewBox=\"0 0 500 150\" preserveAspectRatio=\"none\"><path d=\"M7.7,145.6C109,125,299.9,116.2,401,121.3c42.1,2.2,87.6,11.8,87.3,25.7\"><\/path><\/svg><\/span><\/span>\n\t\t\t<\/h2>\n\t\t\t\t<\/div>\n\t\t\t<\/div>Grupo Nort S.A. de C.V. GRUPO NORT, S.A. DE C.V.\u00a0se funda en 1989 por el Ing. Jes\u00fas Heriberto Gonz\u00e1lez\u00a0 Pe\u00f1a como una empresa multidisciplinaria con experiencia en las \u00e1reas civil, electromec\u00e1nico, instrumentaci\u00f3n y Pailer\u00eda especializada. GRUPO NORT, S.A. DE C.V.\u00a0\u00a0\u00a0Cuenta\u00a0\u00a0 con\u00a0una organizaci\u00f3n flexible capaz de adaptarse a [&hellip;]<\/p>\n","protected":false},"author":1,"featured_media":0,"parent":0,"menu_order":0,"comment_status":"closed","ping_status":"closed","template":"","meta":{"_et_pb_use_builder":"on","_et_pb_old_content":"","_et_gb_content_width":"","footnotes":""},"dipi_cpt_category":[],"class_list":["post-247","page","type-page","status-publish","hentry"],"_links":{"self":[{"href":"https:\/\/gruponort.com.mx\/index.php\/wp-json\/wp\/v2\/pages\/247","targetHints":{"allow":["GET"]}}],"collection":[{"href":"https:\/\/gruponort.com.mx\/index.php\/wp-json\/wp\/v2\/pages"}],"about":[{"href":"https:\/\/gruponort.com.mx\/index.php\/wp-json\/wp\/v2\/types\/page"}],"author":[{"embeddable":true,"href":"https:\/\/gruponort.com.mx\/index.php\/wp-json\/wp\/v2\/users\/1"}],"replies":[{"embeddable":true,"href":"https:\/\/gruponort.com.mx\/index.php\/wp-json\/wp\/v2\/comments?post=247"}],"version-history":[{"count":41,"href":"https:\/\/gruponort.com.mx\/index.php\/wp-json\/wp\/v2\/pages\/247\/revisions"}],"predecessor-version":[{"id":3187,"href":"https:\/\/gruponort.com.mx\/index.php\/wp-json\/wp\/v2\/pages\/247\/revisions\/3187"}],"wp:attachment":[{"href":"https:\/\/gruponort.com.mx\/index.php\/wp-json\/wp\/v2\/media?parent=247"}],"wp:term":[{"taxonomy":"dipi_cpt_category","embeddable":true,"href":"https:\/\/gruponort.com.mx\/index.php\/wp-json\/wp\/v2\/dipi_cpt_category?post=247"}],"curies":[{"name":"wp","href":"https:\/\/api.w.org\/{rel}","templated":true}]}}