{"id":113,"date":"2020-10-21T14:20:14","date_gmt":"2020-10-21T14:20:14","guid":{"rendered":"https:\/\/demo.divi-pixel.com\/garage\/services-copy\/"},"modified":"2024-09-24T21:11:42","modified_gmt":"2024-09-24T21:11:42","slug":"servicios","status":"publish","type":"page","link":"https:\/\/gruponort.com.mx\/index.php\/servicios\/","title":{"rendered":"Servicios"},"content":{"rendered":"<p>[et_pb_section fb_built=&#8221;1&#8243; _builder_version=&#8221;4.27.0&#8243; _module_preset=&#8221;default&#8221; background_color=&#8221;#0b2154&#8243; custom_padding=&#8221;2px||3px|||&#8221; locked=&#8221;off&#8221; global_colors_info=&#8221;{}&#8221;][et_pb_row _builder_version=&#8221;4.27.0&#8243; _module_preset=&#8221;default&#8221; global_colors_info=&#8221;{}&#8221;][et_pb_column type=&#8221;4_4&#8243; _builder_version=&#8221;4.27.0&#8243; _module_preset=&#8221;default&#8221; global_colors_info=&#8221;{}&#8221;][dipi_text_highlighter text_highlighter_text=&#8221;Servicios&#8221; stroke_color=&#8221;#ff0000&#8243; _builder_version=&#8221;4.27.0&#8243; _module_preset=&#8221;default&#8221; all_text_text_color=&#8221;#FFFFFF&#8221; all_text_font_size=&#8221;47px&#8221; global_colors_info=&#8221;{}&#8221;][\/dipi_text_highlighter][\/et_pb_column][\/et_pb_row][\/et_pb_section][et_pb_section fb_built=&#8221;1&#8243; _builder_version=&#8221;4.27.0&#8243; _module_preset=&#8221;default&#8221; global_colors_info=&#8221;{}&#8221;][et_pb_row column_structure=&#8221;2_5,3_5&#8243; _builder_version=&#8221;4.27.0&#8243; _module_preset=&#8221;default&#8221; global_colors_info=&#8221;{}&#8221;][et_pb_column type=&#8221;2_5&#8243; _builder_version=&#8221;4.27.0&#8243; _module_preset=&#8221;default&#8221; global_colors_info=&#8221;{}&#8221;][et_pb_image src=&#8221;https:\/\/gruponort.com.mx\/wp-content\/uploads\/2024\/09\/Reparacion-y-Mantenimiento-de-Naves.png&#8221; title_text=&#8221;Reparaci\u00f3n y Mantenimiento de Naves&#8221; _builder_version=&#8221;4.27.0&#8243; _module_preset=&#8221;default&#8221; width=&#8221;85%&#8221; global_colors_info=&#8221;{}&#8221;][\/et_pb_image][\/et_pb_column][et_pb_column type=&#8221;3_5&#8243; _builder_version=&#8221;4.27.0&#8243; _module_preset=&#8221;default&#8221; global_colors_info=&#8221;{}&#8221;][et_pb_cta title=&#8221; Fabricaci\u00f3n de Estructuras Met\u00e1licas y Equipos de Proceso&#8221; _builder_version=&#8221;4.27.0&#8243; _module_preset=&#8221;default&#8221; header_font=&#8221;Poppins|||on|||||&#8221; header_text_align=&#8221;left&#8221; header_text_color=&#8221;#ff0000&#8243; header_font_size=&#8221;27px&#8221; header_letter_spacing=&#8221;2px&#8221; body_font=&#8221;Poppins|600|||||||&#8221; body_text_align=&#8221;justify&#8221; body_text_color=&#8221;#0b2154&#8243; body_font_size=&#8221;16px&#8221; body_line_height=&#8221;1.2em&#8221; background_color=&#8221;rgba(0,0,0,0)&#8221; custom_margin=&#8221;||0px||false|false&#8221; custom_padding=&#8221;||0px|0px|false|false&#8221; locked=&#8221;off&#8221; global_colors_info=&#8221;{}&#8221;]<\/p>\n<p class=\"font_8 wixui-rich-text__text\">Nos especializamos en la fabricaci\u00f3n e instalaci\u00f3n de estructuras met\u00e1licas para naves industriales, tanto soldables como atornillables. Nuestro equipo t\u00e9cnico dise\u00f1a cada estructura conforme a las normativas vigentes, asegurando no solo el cumplimiento regulatorio, sino tambi\u00e9n la optimizaci\u00f3n en t\u00e9rminos de costo y eficiencia<\/p>\n<p class=\"font_8 wixui-rich-text__text\">Contamos con\u00a0t\u00e9cnicos certificados por STPS<\/p>\n<p class=\"font_8 wixui-rich-text__text\">Bajo las normas:<\/p>\n<p class=\"font_8 wixui-rich-text__text\">NOM-009-STPS-2011 para trabajos en altura<\/p>\n<p class=\"font_8 wixui-rich-text__text\">NOM-002-STPS-2010 para trabajos en\u00a0\u00e1reas de riesgo de incendio<\/p>\n<p class=\"font_8 wixui-rich-text__text\">NOM-001-SEDE-2012 para instalaciones el\u00e9ctricas<\/p>\n<p>[\/et_pb_cta][\/et_pb_column][\/et_pb_row][et_pb_row column_structure=&#8221;2_5,3_5&#8243; _builder_version=&#8221;4.27.0&#8243; _module_preset=&#8221;default&#8221; global_colors_info=&#8221;{}&#8221;][et_pb_column type=&#8221;2_5&#8243; _builder_version=&#8221;4.27.0&#8243; _module_preset=&#8221;default&#8221; global_colors_info=&#8221;{}&#8221;][et_pb_image src=&#8221;https:\/\/gruponort.com.mx\/wp-content\/uploads\/2024\/09\/Montaje-de-Estructuras-Metalicas.png&#8221; title_text=&#8221;Montaje de Estructuras Met\u00e1licas&#8221; _builder_version=&#8221;4.27.0&#8243; _module_preset=&#8221;default&#8221; width=&#8221;85%&#8221; global_colors_info=&#8221;{}&#8221;][\/et_pb_image][\/et_pb_column][et_pb_column type=&#8221;3_5&#8243; _builder_version=&#8221;4.27.0&#8243; _module_preset=&#8221;default&#8221; global_colors_info=&#8221;{}&#8221;][et_pb_cta title=&#8221; Montaje de Estructuras Met\u00e1licas y Tanques de Almacenamiento API&#8221; _builder_version=&#8221;4.27.0&#8243; _module_preset=&#8221;default&#8221; header_font=&#8221;Poppins|||on|||||&#8221; header_text_align=&#8221;left&#8221; header_text_color=&#8221;#ff0000&#8243; header_font_size=&#8221;27px&#8221; header_letter_spacing=&#8221;2px&#8221; body_font=&#8221;Poppins|600|||||||&#8221; body_text_align=&#8221;justify&#8221; body_text_color=&#8221;#0b2154&#8243; body_font_size=&#8221;16px&#8221; body_line_height=&#8221;1.2em&#8221; background_color=&#8221;rgba(0,0,0,0)&#8221; custom_margin=&#8221;||0px||false|false&#8221; custom_padding=&#8221;7px||0px|0px|false|false&#8221; locked=&#8221;off&#8221; global_colors_info=&#8221;{}&#8221;]<\/p>\n<p class=\"font_8 wixui-rich-text__text\">El montaje de estructuras met\u00e1licas y tanques de almacenamiento es una tarea cr\u00edtica que realizamos con un equipo altamente calificado y con experiencia. Nos aseguramos de utilizar las mejores herramientas del mercado para garantizar la precisi\u00f3n y seguridad en cada proyecto. Cumplimos con las normativas internacionales de seguridad y monitoreamos estrictamente cada etapa del montaje<\/p>\n<p class=\"font_8 wixui-rich-text__text\">Contamos con maquinaria especializada como plataformas, camiones gr\u00faa, gr\u00faas tit\u00e1n y equipos de elevaci\u00f3n, lo que nos permite ejecutar montajes industriales de manera eficiente y segura, asegurando resultados de alta calidad.<\/p>\n<p>[\/et_pb_cta][\/et_pb_column][\/et_pb_row][et_pb_row column_structure=&#8221;2_5,3_5&#8243; _builder_version=&#8221;4.27.0&#8243; _module_preset=&#8221;default&#8221; global_colors_info=&#8221;{}&#8221;][et_pb_column type=&#8221;2_5&#8243; _builder_version=&#8221;4.27.0&#8243; _module_preset=&#8221;default&#8221; global_colors_info=&#8221;{}&#8221;][et_pb_image src=&#8221;https:\/\/gruponort.com.mx\/wp-content\/uploads\/2024\/09\/Soldadura-Herreria-y-Paileria-Industrial.png&#8221; title_text=&#8221;Soldadura, Herrer\u00eda y Pailer\u00eda Industrial&#8221; _builder_version=&#8221;4.27.0&#8243; _module_preset=&#8221;default&#8221; width=&#8221;85%&#8221; global_colors_info=&#8221;{}&#8221;][\/et_pb_image][\/et_pb_column][et_pb_column type=&#8221;3_5&#8243; _builder_version=&#8221;4.27.0&#8243; _module_preset=&#8221;default&#8221; global_colors_info=&#8221;{}&#8221;][et_pb_cta title=&#8221; Soldadura y Pailer\u00eda Industrial&#8221; _builder_version=&#8221;4.27.0&#8243; _module_preset=&#8221;default&#8221; header_font=&#8221;Poppins|||on|||||&#8221; header_text_align=&#8221;left&#8221; header_text_color=&#8221;#ff0000&#8243; header_font_size=&#8221;27px&#8221; header_letter_spacing=&#8221;2px&#8221; body_font=&#8221;Poppins|600|||||||&#8221; body_text_align=&#8221;justify&#8221; body_text_color=&#8221;#0b2154&#8243; body_font_size=&#8221;16px&#8221; body_line_height=&#8221;1.3em&#8221; background_color=&#8221;rgba(0,0,0,0)&#8221; custom_margin=&#8221;1px||0px||false|false&#8221; custom_padding=&#8221;||0px|0px|false|false&#8221; locked=&#8221;off&#8221; global_colors_info=&#8221;{}&#8221;]<\/p>\n<p class=\"font_8 wixui-rich-text__text\">Ofrecemos un servicio de soldadura industrial especializado, cumpliendo con los estrictos est\u00e1ndares internacionales de AWS y API. Nuestro equipo de soldadores est\u00e1 altamente capacitado para trabajar con materiales diversos, incluyendo acero al carbono, acero inoxidable y aleaciones especiales. Realizamos estos trabajos tanto en campo como en las instalaciones de nuestros clientes, garantizando una r\u00e1pida respuesta y adaptabilidad a las necesidades espec\u00edficas de cada proyecto, siempre con transporte adecuado y personal altamente calificado.<\/p>\n<p>[\/et_pb_cta][\/et_pb_column][\/et_pb_row][et_pb_row column_structure=&#8221;2_5,3_5&#8243; _builder_version=&#8221;4.27.0&#8243; _module_preset=&#8221;default&#8221; global_colors_info=&#8221;{}&#8221;][et_pb_column type=&#8221;2_5&#8243; _builder_version=&#8221;4.27.0&#8243; _module_preset=&#8221;default&#8221; global_colors_info=&#8221;{}&#8221;][et_pb_image src=&#8221;https:\/\/gruponort.com.mx\/wp-content\/uploads\/2024\/09\/Pruebas-de-Tuberias.png&#8221; title_text=&#8221;Pruebas de Tuber\u00edas&#8221; _builder_version=&#8221;4.27.0&#8243; _module_preset=&#8221;default&#8221; width=&#8221;85%&#8221; global_colors_info=&#8221;{}&#8221;][\/et_pb_image][\/et_pb_column][et_pb_column type=&#8221;3_5&#8243; _builder_version=&#8221;4.27.0&#8243; _module_preset=&#8221;default&#8221; global_colors_info=&#8221;{}&#8221;][et_pb_cta title=&#8221;Instalaci\u00f3n, Modificaci\u00f3n y Reparaci\u00f3n de Tuber\u00edas&#8221; _builder_version=&#8221;4.27.0&#8243; _module_preset=&#8221;default&#8221; header_font=&#8221;Poppins|||on|||||&#8221; header_text_align=&#8221;left&#8221; header_text_color=&#8221;#ff0000&#8243; header_font_size=&#8221;27px&#8221; header_letter_spacing=&#8221;2px&#8221; body_font=&#8221;Poppins|600|||||||&#8221; body_text_align=&#8221;justify&#8221; body_text_color=&#8221;#0b2154&#8243; body_font_size=&#8221;16px&#8221; body_line_height=&#8221;1.2em&#8221; background_color=&#8221;rgba(0,0,0,0)&#8221; custom_margin=&#8221;||0px||false|false&#8221; custom_padding=&#8221;||0px|0px|false|false&#8221; locked=&#8221;off&#8221; global_colors_info=&#8221;{}&#8221;]<\/p>\n<p>Proveemos soluciones integrales para la instalaci\u00f3n, modificaci\u00f3n y reparaci\u00f3n de tuber\u00edas en las instalaciones del cliente. Este servicio incluye la prefabricaci\u00f3n en nuestras instalaciones o en las del cliente, seg\u00fan sea necesario. Adem\u00e1s, ofrecemos servicios complementarios como pruebas no destructivas (NDT), pruebas hidrost\u00e1ticas y protecci\u00f3n anticorrosiva, asegurando la m\u00e1xima durabilidad y seguridad de las tuber\u00edas. Nuestra experiencia nos permite abordar reparaciones in situ, incluyendo la atenci\u00f3n de fugas, garantizando una respuesta r\u00e1pida y eficaz en cada intervenci\u00f3n.<\/p>\n<p>[\/et_pb_cta][\/et_pb_column][\/et_pb_row][et_pb_row column_structure=&#8221;2_5,3_5&#8243; _builder_version=&#8221;4.27.0&#8243; _module_preset=&#8221;default&#8221; global_colors_info=&#8221;{}&#8221;][et_pb_column type=&#8221;2_5&#8243; _builder_version=&#8221;4.27.0&#8243; _module_preset=&#8221;default&#8221; global_colors_info=&#8221;{}&#8221;][et_pb_image src=&#8221;https:\/\/gruponort.com.mx\/wp-content\/uploads\/2024\/09\/Fabricacion-de-Tanques-Metalicos.png&#8221; title_text=&#8221;Fabricaci\u00f3n de Tanques Met\u00e1licos&#8221; _builder_version=&#8221;4.27.0&#8243; _module_preset=&#8221;default&#8221; width=&#8221;85%&#8221; global_colors_info=&#8221;{}&#8221;][\/et_pb_image][\/et_pb_column][et_pb_column type=&#8221;3_5&#8243; _builder_version=&#8221;4.27.0&#8243; _module_preset=&#8221;default&#8221; global_colors_info=&#8221;{}&#8221;][et_pb_cta title=&#8221;Fabricaci\u00f3n de Tanques Met\u00e1licos&#8221; _builder_version=&#8221;4.27.0&#8243; _module_preset=&#8221;default&#8221; header_font=&#8221;Poppins|||on|||||&#8221; header_text_align=&#8221;left&#8221; header_text_color=&#8221;#ff0000&#8243; header_font_size=&#8221;27px&#8221; header_letter_spacing=&#8221;2px&#8221; body_font=&#8221;Poppins|600|||||||&#8221; body_text_align=&#8221;justify&#8221; body_text_color=&#8221;#0b2154&#8243; body_font_size=&#8221;16px&#8221; body_line_height=&#8221;1.2em&#8221; background_color=&#8221;rgba(0,0,0,0)&#8221; custom_margin=&#8221;||0px||false|false&#8221; custom_padding=&#8221;||0px|0px|false|false&#8221; locked=&#8221;off&#8221; global_colors_info=&#8221;{}&#8221;]<\/p>\n<p class=\"font_8 wixui-rich-text__text\">Nos especializamos en la fabricaci\u00f3n de tanques met\u00e1licos para el almacenamiento de hidrocarburos, productos qu\u00edmicos y polvos, cumpliendo con las especificaciones API. Cada tanque es fabricado con los m\u00e1s altos est\u00e1ndares de calidad y seguridad, asegurando una larga vida \u00fatil y resistencia a las condiciones m\u00e1s exigentes. Nuestro equipo de expertos trabaja en estrecha colaboraci\u00f3n con nuestros clientes para personalizar cada proyecto seg\u00fan sus necesidades espec\u00edficas, garantizando que los tanques cumplan con los requisitos t\u00e9cnicos y normativos m\u00e1s estrictos.<\/p>\n<p>[\/et_pb_cta][\/et_pb_column][\/et_pb_row][et_pb_row column_structure=&#8221;2_5,3_5&#8243; _builder_version=&#8221;4.27.0&#8243; _module_preset=&#8221;default&#8221; global_colors_info=&#8221;{}&#8221;][et_pb_column type=&#8221;2_5&#8243; _builder_version=&#8221;4.27.0&#8243; _module_preset=&#8221;default&#8221; global_colors_info=&#8221;{}&#8221;][et_pb_image src=&#8221;https:\/\/gruponort.com.mx\/wp-content\/uploads\/2024\/09\/Sand-Blast.png&#8221; title_text=&#8221;Sand-Blast&#8221; _builder_version=&#8221;4.27.0&#8243; _module_preset=&#8221;default&#8221; width=&#8221;85%&#8221; global_colors_info=&#8221;{}&#8221;][\/et_pb_image][\/et_pb_column][et_pb_column type=&#8221;3_5&#8243; _builder_version=&#8221;4.27.0&#8243; _module_preset=&#8221;default&#8221; global_colors_info=&#8221;{}&#8221;][et_pb_cta title=&#8221;Sand-Blast y Recubrimientos&#8221; _builder_version=&#8221;4.27.0&#8243; _module_preset=&#8221;default&#8221; header_font=&#8221;Poppins|||on|||||&#8221; header_text_align=&#8221;left&#8221; header_text_color=&#8221;#ff0000&#8243; header_font_size=&#8221;27px&#8221; header_letter_spacing=&#8221;2px&#8221; body_font=&#8221;Poppins|600|||||||&#8221; body_text_align=&#8221;justify&#8221; body_text_color=&#8221;#0b2154&#8243; body_font_size=&#8221;16px&#8221; body_line_height=&#8221;1.2em&#8221; background_color=&#8221;rgba(0,0,0,0)&#8221; custom_margin=&#8221;||0px||false|false&#8221; custom_padding=&#8221;||0px|0px|false|false&#8221; locked=&#8221;off&#8221; global_colors_info=&#8221;{}&#8221;]<\/p>\n<p class=\"font_8 wixui-rich-text__text\">El servicio de sand-blast que ofrecemos es esencial para asegurar una adecuada preparaci\u00f3n de superficies met\u00e1licas antes de aplicar cualquier tipo de recubrimiento. Utilizamos chorro de arena s\u00edlica para obtener una limpieza a metal blanco que garantiza un mayor anclaje y adherencia de los recubrimientos, lo que se traduce en una mejor protecci\u00f3n y una mayor durabilidad de las estructuras. Este proceso asegura una uniformidad en la superficie, lo que optimiza la aplicaci\u00f3n posterior de cualquier recubrimiento anticorrosivo, aumentando la vida \u00fatil del material tratado.<\/p>\n<p>[\/et_pb_cta][\/et_pb_column][\/et_pb_row][et_pb_row column_structure=&#8221;2_5,3_5&#8243; _builder_version=&#8221;4.27.0&#8243; _module_preset=&#8221;default&#8221; global_colors_info=&#8221;{}&#8221;][et_pb_column type=&#8221;2_5&#8243; _builder_version=&#8221;4.27.0&#8243; _module_preset=&#8221;default&#8221; global_colors_info=&#8221;{}&#8221;][et_pb_image src=&#8221;https:\/\/gruponort.com.mx\/wp-content\/uploads\/2024\/09\/PANTOGRAFO.png&#8221; title_text=&#8221;PANTOGRAFO&#8221; _builder_version=&#8221;4.27.0&#8243; _module_preset=&#8221;default&#8221; width=&#8221;85%&#8221; global_colors_info=&#8221;{}&#8221;][\/et_pb_image][\/et_pb_column][et_pb_column type=&#8221;3_5&#8243; _builder_version=&#8221;4.27.0&#8243; _module_preset=&#8221;default&#8221; global_colors_info=&#8221;{}&#8221;][et_pb_cta title=&#8221;Corte con plasma y oxicorte con pant\u00f3grafo CNC&#8221; _builder_version=&#8221;4.27.0&#8243; _module_preset=&#8221;default&#8221; header_font=&#8221;Poppins|||on|||||&#8221; header_text_align=&#8221;left&#8221; header_text_color=&#8221;#ff0000&#8243; header_font_size=&#8221;27px&#8221; header_letter_spacing=&#8221;2px&#8221; body_font=&#8221;Poppins|600|||||||&#8221; body_text_align=&#8221;justify&#8221; body_text_color=&#8221;#0b2154&#8243; body_font_size=&#8221;16px&#8221; body_line_height=&#8221;1.2em&#8221; background_color=&#8221;rgba(0,0,0,0)&#8221; custom_margin=&#8221;||0px||false|false&#8221; custom_padding=&#8221;||0px|0px|false|false&#8221; locked=&#8221;off&#8221; global_colors_info=&#8221;{}&#8221;]<\/p>\n<p class=\"font_8 wixui-rich-text__text\">En GRUPO NORT, disponemos de instalaciones y una infraestructura de vanguardia que nos permite ofrecer soluciones integrales en la fabricaci\u00f3n de productos industriales. Contamos con equipos de corte de alta precisi\u00f3n, como plasma y oxicorte con pant\u00f3grafo CNC, lo que nos garantiza acabados exactos y eficientes en una amplia variedad de materiales y espesores. Estos procesos nos permiten adaptarnos a las necesidades espec\u00edficas de cada proyecto, optimizando tiempos y reduciendo costos sin comprometer la calidad. Nuestro equipo est\u00e1 altamente capacitado para asegurar que cada trabajo cumpla con los m\u00e1s altos est\u00e1ndares del sector.<\/p>\n<p>[\/et_pb_cta][\/et_pb_column][\/et_pb_row][et_pb_row column_structure=&#8221;2_5,3_5&#8243; _builder_version=&#8221;4.27.0&#8243; _module_preset=&#8221;default&#8221; global_colors_info=&#8221;{}&#8221;][et_pb_column type=&#8221;2_5&#8243; _builder_version=&#8221;4.27.0&#8243; _module_preset=&#8221;default&#8221; global_colors_info=&#8221;{}&#8221;][et_pb_image src=&#8221;https:\/\/gruponort.com.mx\/wp-content\/uploads\/2024\/09\/Diseno-sin-titulo-3.png&#8221; title_text=&#8221;Dise\u00f1o sin t\u00edtulo (3)&#8221; _builder_version=&#8221;4.27.0&#8243; _module_preset=&#8221;default&#8221; width=&#8221;85%&#8221; hover_enabled=&#8221;0&#8243; global_colors_info=&#8221;{}&#8221; sticky_enabled=&#8221;0&#8243;][\/et_pb_image][\/et_pb_column][et_pb_column type=&#8221;3_5&#8243; _builder_version=&#8221;4.27.0&#8243; _module_preset=&#8221;default&#8221; global_colors_info=&#8221;{}&#8221;][et_pb_cta title=&#8221;Espuela de Ferrocarril&#8221; _builder_version=&#8221;4.27.0&#8243; _module_preset=&#8221;default&#8221; header_font=&#8221;Poppins|||on|||||&#8221; header_text_align=&#8221;left&#8221; header_text_color=&#8221;#ff0000&#8243; header_font_size=&#8221;27px&#8221; header_letter_spacing=&#8221;2px&#8221; body_font=&#8221;Poppins|600|||||||&#8221; body_text_align=&#8221;justify&#8221; body_text_color=&#8221;#0b2154&#8243; body_font_size=&#8221;16px&#8221; body_line_height=&#8221;1.2em&#8221; background_color=&#8221;rgba(0,0,0,0)&#8221; custom_margin=&#8221;||0px||false|false&#8221; custom_padding=&#8221;||0px|0px|false|false&#8221; hover_enabled=&#8221;0&#8243; locked=&#8221;off&#8221; global_colors_info=&#8221;{}&#8221; sticky_enabled=&#8221;0&#8243;]<\/p>\n<p class=\"font_8 wixui-rich-text__text\">En el \u00e1mbito de la log\u00edstica, la carga y descarga de vagones es un proceso crucial que asegura la eficiencia en el movimiento de mercanc\u00edas. En el centro de distribuci\u00f3n, se optimiza el almacenaje, permitiendo una gesti\u00f3n \u00e1gil de inventarios. El trasvase de productos entre diferentes medios de transporte y el cross dock facilitan una r\u00e1pida circulaci\u00f3n, minimizando el tiempo de espera y maximizando la efectividad. Adem\u00e1s, la reparaci\u00f3n y pintura de carros es esencial para mantener la flota en condiciones \u00f3ptimas, garantizando tanto la seguridad como la est\u00e9tica del servicio. Juntos, estos elementos crean un sistema log\u00edstico integrado y eficiente.<\/p>\n<p class=\"font_8 wixui-rich-text__text\"><a href=\"http:\/\/www.espueladeferrocarril.com\">Ver m\u00e1s..<\/a><\/p>\n<p>[\/et_pb_cta][\/et_pb_column][\/et_pb_row][\/et_pb_section]<\/p>\n","protected":false},"excerpt":{"rendered":"<p><div class=\"et_pb_module dipi_text_highlighter dipi_text_highlighter_0\">\n\t\t\t\t\n\t\t\t\t\n\t\t\t\t\n\t\t\t\t\n\t\t\t\t\n\t\t\t\t\n\t\t\t\t<div class=\"et_pb_module_inner\">\n\t\t\t\t\t<h2 class=\"dipi-highlight-text-wrapper\" data-config=\"{&quot;animation_start&quot;:&quot;in_a_viewport&quot;,&quot;animation_start_viewport&quot;:&quot;75%&quot;,&quot;animation_delay&quot;:&quot;0ms&quot;,&quot;animation_duration&quot;:&quot;800ms&quot;,&quot;delay_after_animation&quot;:&quot;3000ms&quot;,&quot;repeat_mode&quot;:&quot;infinite&quot;,&quot;count_mode&quot;:&quot;everytime_in_viewport&quot;,&quot;animation_repeat_counts&quot;:&quot;3&quot;,&quot;reverse_animation&quot;:&quot;off&quot;,&quot;id&quot;:&quot;dipi_text_highlighter_0_wrapper&quot;}\">\n\t\t\t\t\t<span class=\"dipi-text-highlight-wrapper {&quot;animation_start&quot;:&quot;in_a_viewport&quot;,&quot;animation_start_viewport&quot;:&quot;75%&quot;,&quot;animation_delay&quot;:&quot;0ms&quot;,&quot;animation_duration&quot;:&quot;800ms&quot;,&quot;delay_after_animation&quot;:&quot;3000ms&quot;,&quot;repeat_mode&quot;:&quot;infinite&quot;,&quot;count_mode&quot;:&quot;everytime_in_viewport&quot;,&quot;animation_repeat_counts&quot;:&quot;3&quot;,&quot;reverse_animation&quot;:&quot;off&quot;,&quot;id&quot;:&quot;dipi_text_highlighter_0_wrapper&quot;}\"><span class=\"dipi-text-highlight-text dipi-text-highlight-text\">Servicios<\/span><span class=\"dipi-text-highlight-svg\"><svg xmlns=\"http:\/\/www.w3.org\/2000\/svg\" viewBox=\"0 0 500 150\" preserveAspectRatio=\"none\"><path d=\"M7.7,145.6C109,125,299.9,116.2,401,121.3c42.1,2.2,87.6,11.8,87.3,25.7\"><\/path><\/svg><\/span><\/span>\n\t\t\t<\/h2>\n\t\t\t\t<\/div>\n\t\t\t<\/div>Nos especializamos en la fabricaci\u00f3n e instalaci\u00f3n de estructuras met\u00e1licas para naves industriales, tanto soldables como atornillables. Nuestro equipo t\u00e9cnico dise\u00f1a cada estructura conforme a las normativas vigentes, asegurando no solo el cumplimiento regulatorio, sino tambi\u00e9n la optimizaci\u00f3n en t\u00e9rminos de costo y eficiencia Contamos con\u00a0t\u00e9cnicos certificados por [&hellip;]<\/p>\n","protected":false},"author":1,"featured_media":0,"parent":0,"menu_order":0,"comment_status":"closed","ping_status":"closed","template":"","meta":{"_et_pb_use_builder":"on","_et_pb_old_content":"","_et_gb_content_width":"","footnotes":""},"dipi_cpt_category":[],"class_list":["post-113","page","type-page","status-publish","hentry"],"_links":{"self":[{"href":"https:\/\/gruponort.com.mx\/index.php\/wp-json\/wp\/v2\/pages\/113","targetHints":{"allow":["GET"]}}],"collection":[{"href":"https:\/\/gruponort.com.mx\/index.php\/wp-json\/wp\/v2\/pages"}],"about":[{"href":"https:\/\/gruponort.com.mx\/index.php\/wp-json\/wp\/v2\/types\/page"}],"author":[{"embeddable":true,"href":"https:\/\/gruponort.com.mx\/index.php\/wp-json\/wp\/v2\/users\/1"}],"replies":[{"embeddable":true,"href":"https:\/\/gruponort.com.mx\/index.php\/wp-json\/wp\/v2\/comments?post=113"}],"version-history":[{"count":31,"href":"https:\/\/gruponort.com.mx\/index.php\/wp-json\/wp\/v2\/pages\/113\/revisions"}],"predecessor-version":[{"id":3180,"href":"https:\/\/gruponort.com.mx\/index.php\/wp-json\/wp\/v2\/pages\/113\/revisions\/3180"}],"wp:attachment":[{"href":"https:\/\/gruponort.com.mx\/index.php\/wp-json\/wp\/v2\/media?parent=113"}],"wp:term":[{"taxonomy":"dipi_cpt_category","embeddable":true,"href":"https:\/\/gruponort.com.mx\/index.php\/wp-json\/wp\/v2\/dipi_cpt_category?post=113"}],"curies":[{"name":"wp","href":"https:\/\/api.w.org\/{rel}","templated":true}]}}